{"id":8372,"date":"2022-01-19T12:44:28","date_gmt":"2022-01-19T11:44:28","guid":{"rendered":"https:\/\/www.erstabi.se\/butik\/?post_type=product&#038;p=8372"},"modified":"2024-03-24T12:07:08","modified_gmt":"2024-03-24T11:07:08","slug":"foderdeg-ambrosia-25-kg","status":"publish","type":"product","link":"https:\/\/www.erstabi.se\/butik\/?product=foderdeg-ambrosia-25-kg","title":{"rendered":"Foderdeg Ambrosia, 2,5 kg"},"content":{"rendered":"<p>Art nr 143-5<\/p>\n","protected":false},"excerpt":{"rendered":"<p>P\u00e5se 2,5 kg. Till drottningodling och drottningf\u00f6rs\u00e4ndelser. Till drivfordring p\u00e5 v\u00e5ren.<\/p>\n","protected":false},"featured_media":8373,"comment_status":"closed","ping_status":"closed","template":"","meta":[],"product_brand":[],"product_cat":[186],"product_tag":[],"class_list":{"0":"post-8372","1":"product","2":"type-product","3":"status-publish","4":"has-post-thumbnail","6":"product_cat-foder","8":"first","9":"instock","10":"taxable","11":"shipping-taxable","12":"purchasable","13":"product-type-simple"},"yoast_head":"<!-- This site is optimized with the Yoast SEO plugin v27.5 - https:\/\/yoast.com\/product\/yoast-seo-wordpress\/ -->\n<title>Foderdeg Ambrosia, 2,5 kg - Ersta Big\u00e5rdar<\/title>\n<meta name=\"robots\" content=\"index, follow, max-snippet:-1, max-image-preview:large, max-video-preview:-1\" \/>\n<link rel=\"canonical\" href=\"https:\/\/www.erstabi.se\/butik\/?product=foderdeg-ambrosia-25-kg\" \/>\n<meta property=\"og:locale\" content=\"sv_SE\" \/>\n<meta property=\"og:type\" content=\"article\" \/>\n<meta property=\"og:title\" content=\"Foderdeg Ambrosia, 2,5 kg - Ersta Big\u00e5rdar\" \/>\n<meta property=\"og:description\" content=\"P\u00e5se 2,5 kg. Till drottningodling och drottningf\u00f6rs\u00e4ndelser. Till drivfordring p\u00e5 v\u00e5ren.\" \/>\n<meta property=\"og:url\" content=\"https:\/\/www.erstabi.se\/butik\/?product=foderdeg-ambrosia-25-kg\" \/>\n<meta property=\"og:site_name\" content=\"Ersta Big\u00e5rdar\" \/>\n<meta property=\"article:publisher\" content=\"https:\/\/www.facebook.com\/112222466859120\/\" \/>\n<meta property=\"article:modified_time\" content=\"2024-03-24T11:07:08+00:00\" \/>\n<meta property=\"og:image\" content=\"http:\/\/media.erstabi.se\/2022\/01\/143-5xl.jpg\" \/>\n\t<meta property=\"og:image:width\" content=\"600\" \/>\n\t<meta property=\"og:image:height\" content=\"399\" \/>\n\t<meta property=\"og:image:type\" content=\"image\/jpeg\" \/>\n<meta name=\"twitter:card\" content=\"summary_large_image\" \/>\n<meta name=\"twitter:label1\" content=\"Ber\u00e4knad l\u00e4stid\" \/>\n\t<meta name=\"twitter:data1\" content=\"1 minut\" \/>\n<script type=\"application\/ld+json\" class=\"yoast-schema-graph\">{\"@context\":\"https:\\\/\\\/schema.org\",\"@graph\":[{\"@type\":\"WebPage\",\"@id\":\"https:\\\/\\\/www.erstabi.se\\\/butik\\\/?product=foderdeg-ambrosia-25-kg\",\"url\":\"https:\\\/\\\/www.erstabi.se\\\/butik\\\/?product=foderdeg-ambrosia-25-kg\",\"name\":\"Foderdeg Ambrosia, 2,5 kg - Ersta Big\u00e5rdar\",\"isPartOf\":{\"@id\":\"https:\\\/\\\/www.erstabi.se\\\/butik\\\/#website\"},\"primaryImageOfPage\":{\"@id\":\"https:\\\/\\\/www.erstabi.se\\\/butik\\\/?product=foderdeg-ambrosia-25-kg#primaryimage\"},\"image\":{\"@id\":\"https:\\\/\\\/www.erstabi.se\\\/butik\\\/?product=foderdeg-ambrosia-25-kg#primaryimage\"},\"thumbnailUrl\":\"https:\\\/\\\/media.erstabi.se\\\/2022\\\/01\\\/143-5xl.jpg\",\"datePublished\":\"2022-01-19T11:44:28+00:00\",\"dateModified\":\"2024-03-24T11:07:08+00:00\",\"breadcrumb\":{\"@id\":\"https:\\\/\\\/www.erstabi.se\\\/butik\\\/?product=foderdeg-ambrosia-25-kg#breadcrumb\"},\"inLanguage\":\"sv-SE\",\"potentialAction\":[{\"@type\":\"ReadAction\",\"target\":[\"https:\\\/\\\/www.erstabi.se\\\/butik\\\/?product=foderdeg-ambrosia-25-kg\"]}]},{\"@type\":\"ImageObject\",\"inLanguage\":\"sv-SE\",\"@id\":\"https:\\\/\\\/www.erstabi.se\\\/butik\\\/?product=foderdeg-ambrosia-25-kg#primaryimage\",\"url\":\"https:\\\/\\\/media.erstabi.se\\\/2022\\\/01\\\/143-5xl.jpg\",\"contentUrl\":\"https:\\\/\\\/media.erstabi.se\\\/2022\\\/01\\\/143-5xl.jpg\",\"width\":600,\"height\":399},{\"@type\":\"BreadcrumbList\",\"@id\":\"https:\\\/\\\/www.erstabi.se\\\/butik\\\/?product=foderdeg-ambrosia-25-kg#breadcrumb\",\"itemListElement\":[{\"@type\":\"ListItem\",\"position\":1,\"name\":\"Hem\",\"item\":\"https:\\\/\\\/www.erstabi.se\\\/butik\\\/\"},{\"@type\":\"ListItem\",\"position\":2,\"name\":\"Webbutik\",\"item\":\"https:\\\/\\\/www.erstabi.se\\\/butik\\\/?page_id=5\"},{\"@type\":\"ListItem\",\"position\":3,\"name\":\"Foderdeg Ambrosia, 2,5 kg\"}]},{\"@type\":\"WebSite\",\"@id\":\"https:\\\/\\\/www.erstabi.se\\\/butik\\\/#website\",\"url\":\"https:\\\/\\\/www.erstabi.se\\\/butik\\\/\",\"name\":\"Ersta Big\u00e5rdar\",\"description\":\"Honung fr\u00e5n skogen och p\u00e5 \u00e4ngar runt v\u00e5r by\",\"potentialAction\":[{\"@type\":\"SearchAction\",\"target\":{\"@type\":\"EntryPoint\",\"urlTemplate\":\"https:\\\/\\\/www.erstabi.se\\\/butik\\\/?s={search_term_string}\"},\"query-input\":{\"@type\":\"PropertyValueSpecification\",\"valueRequired\":true,\"valueName\":\"search_term_string\"}}],\"inLanguage\":\"sv-SE\"}]}<\/script>\n<!-- \/ Yoast SEO plugin. -->","yoast_head_json":{"title":"Foderdeg Ambrosia, 2,5 kg - Ersta Big\u00e5rdar","robots":{"index":"index","follow":"follow","max-snippet":"max-snippet:-1","max-image-preview":"max-image-preview:large","max-video-preview":"max-video-preview:-1"},"canonical":"https:\/\/www.erstabi.se\/butik\/?product=foderdeg-ambrosia-25-kg","og_locale":"sv_SE","og_type":"article","og_title":"Foderdeg Ambrosia, 2,5 kg - Ersta Big\u00e5rdar","og_description":"P\u00e5se 2,5 kg. Till drottningodling och drottningf\u00f6rs\u00e4ndelser. Till drivfordring p\u00e5 v\u00e5ren.","og_url":"https:\/\/www.erstabi.se\/butik\/?product=foderdeg-ambrosia-25-kg","og_site_name":"Ersta Big\u00e5rdar","article_publisher":"https:\/\/www.facebook.com\/112222466859120\/","article_modified_time":"2024-03-24T11:07:08+00:00","og_image":[{"width":600,"height":399,"url":"http:\/\/media.erstabi.se\/2022\/01\/143-5xl.jpg","type":"image\/jpeg"}],"twitter_card":"summary_large_image","twitter_misc":{"Ber\u00e4knad l\u00e4stid":"1 minut"},"schema":{"@context":"https:\/\/schema.org","@graph":[{"@type":"WebPage","@id":"https:\/\/www.erstabi.se\/butik\/?product=foderdeg-ambrosia-25-kg","url":"https:\/\/www.erstabi.se\/butik\/?product=foderdeg-ambrosia-25-kg","name":"Foderdeg Ambrosia, 2,5 kg - Ersta Big\u00e5rdar","isPartOf":{"@id":"https:\/\/www.erstabi.se\/butik\/#website"},"primaryImageOfPage":{"@id":"https:\/\/www.erstabi.se\/butik\/?product=foderdeg-ambrosia-25-kg#primaryimage"},"image":{"@id":"https:\/\/www.erstabi.se\/butik\/?product=foderdeg-ambrosia-25-kg#primaryimage"},"thumbnailUrl":"https:\/\/media.erstabi.se\/2022\/01\/143-5xl.jpg","datePublished":"2022-01-19T11:44:28+00:00","dateModified":"2024-03-24T11:07:08+00:00","breadcrumb":{"@id":"https:\/\/www.erstabi.se\/butik\/?product=foderdeg-ambrosia-25-kg#breadcrumb"},"inLanguage":"sv-SE","potentialAction":[{"@type":"ReadAction","target":["https:\/\/www.erstabi.se\/butik\/?product=foderdeg-ambrosia-25-kg"]}]},{"@type":"ImageObject","inLanguage":"sv-SE","@id":"https:\/\/www.erstabi.se\/butik\/?product=foderdeg-ambrosia-25-kg#primaryimage","url":"https:\/\/media.erstabi.se\/2022\/01\/143-5xl.jpg","contentUrl":"https:\/\/media.erstabi.se\/2022\/01\/143-5xl.jpg","width":600,"height":399},{"@type":"BreadcrumbList","@id":"https:\/\/www.erstabi.se\/butik\/?product=foderdeg-ambrosia-25-kg#breadcrumb","itemListElement":[{"@type":"ListItem","position":1,"name":"Hem","item":"https:\/\/www.erstabi.se\/butik\/"},{"@type":"ListItem","position":2,"name":"Webbutik","item":"https:\/\/www.erstabi.se\/butik\/?page_id=5"},{"@type":"ListItem","position":3,"name":"Foderdeg Ambrosia, 2,5 kg"}]},{"@type":"WebSite","@id":"https:\/\/www.erstabi.se\/butik\/#website","url":"https:\/\/www.erstabi.se\/butik\/","name":"Ersta Big\u00e5rdar","description":"Honung fr\u00e5n skogen och p\u00e5 \u00e4ngar runt v\u00e5r by","potentialAction":[{"@type":"SearchAction","target":{"@type":"EntryPoint","urlTemplate":"https:\/\/www.erstabi.se\/butik\/?s={search_term_string}"},"query-input":{"@type":"PropertyValueSpecification","valueRequired":true,"valueName":"search_term_string"}}],"inLanguage":"sv-SE"}]}},"_links":{"self":[{"href":"https:\/\/www.erstabi.se\/butik\/index.php?rest_route=\/wp\/v2\/product\/8372","targetHints":{"allow":["GET"]}}],"collection":[{"href":"https:\/\/www.erstabi.se\/butik\/index.php?rest_route=\/wp\/v2\/product"}],"about":[{"href":"https:\/\/www.erstabi.se\/butik\/index.php?rest_route=\/wp\/v2\/types\/product"}],"replies":[{"embeddable":true,"href":"https:\/\/www.erstabi.se\/butik\/index.php?rest_route=%2Fwp%2Fv2%2Fcomments&post=8372"}],"wp:featuredmedia":[{"embeddable":true,"href":"https:\/\/www.erstabi.se\/butik\/index.php?rest_route=\/wp\/v2\/media\/8373"}],"wp:attachment":[{"href":"https:\/\/www.erstabi.se\/butik\/index.php?rest_route=%2Fwp%2Fv2%2Fmedia&parent=8372"}],"wp:term":[{"taxonomy":"product_brand","embeddable":true,"href":"https:\/\/www.erstabi.se\/butik\/index.php?rest_route=%2Fwp%2Fv2%2Fproduct_brand&post=8372"},{"taxonomy":"product_cat","embeddable":true,"href":"https:\/\/www.erstabi.se\/butik\/index.php?rest_route=%2Fwp%2Fv2%2Fproduct_cat&post=8372"},{"taxonomy":"product_tag","embeddable":true,"href":"https:\/\/www.erstabi.se\/butik\/index.php?rest_route=%2Fwp%2Fv2%2Fproduct_tag&post=8372"}],"curies":[{"name":"wp","href":"https:\/\/api.w.org\/{rel}","templated":true}]}}