{"id":36,"date":"2019-01-04T20:24:45","date_gmt":"2019-01-04T20:24:45","guid":{"rendered":"https:\/\/www.erstabi.se\/butik\/?post_type=product&#038;p=36"},"modified":"2026-04-09T11:36:37","modified_gmt":"2026-04-09T09:36:37","slug":"fast-350-gram","status":"publish","type":"product","link":"https:\/\/www.erstabi.se\/butik\/?product=fast-350-gram","title":{"rendered":"Fast 500 gram"},"content":{"rendered":"<p>Fast honung med kr\u00e4mig konsistens \u2013 kallslungad och varsamt behandlad f\u00f6r att bevara smak och n\u00e4ring, 100 % \u00e4kta svensk honung.<\/p>\n","protected":false},"excerpt":{"rendered":"<p>Fast honung med kr\u00e4mig konsistens \u2013 kallslungad och varsamt behandlad f\u00f6r att bevara smak och n\u00e4ring, 100 % \u00e4kta svensk honung.<\/p>\n","protected":false},"featured_media":22,"comment_status":"closed","ping_status":"closed","template":"","meta":[],"product_brand":[],"product_cat":[20],"product_tag":[],"class_list":{"0":"post-36","1":"product","2":"type-product","3":"status-publish","4":"has-post-thumbnail","6":"product_cat-honung","8":"first","9":"instock","10":"taxable","11":"shipping-taxable","12":"purchasable","13":"product-type-simple"},"yoast_head":"<!-- This site is optimized with the Yoast SEO plugin v27.4 - https:\/\/yoast.com\/product\/yoast-seo-wordpress\/ -->\n<title>Fast 500 gram - Ersta Big\u00e5rdar<\/title>\n<meta name=\"robots\" content=\"index, follow, max-snippet:-1, max-image-preview:large, max-video-preview:-1\" \/>\n<link rel=\"canonical\" href=\"https:\/\/www.erstabi.se\/butik\/?product=fast-350-gram\" \/>\n<meta property=\"og:locale\" content=\"sv_SE\" \/>\n<meta property=\"og:type\" content=\"article\" \/>\n<meta property=\"og:title\" content=\"Fast 500 gram - Ersta Big\u00e5rdar\" \/>\n<meta property=\"og:description\" content=\"Fast honung med kr\u00e4mig konsistens \u2013 kallslungad och varsamt behandlad f\u00f6r att bevara smak och n\u00e4ring, 100 % \u00e4kta svensk honung.\" \/>\n<meta property=\"og:url\" content=\"https:\/\/www.erstabi.se\/butik\/?product=fast-350-gram\" \/>\n<meta property=\"og:site_name\" content=\"Ersta Big\u00e5rdar\" \/>\n<meta property=\"article:publisher\" content=\"https:\/\/www.facebook.com\/112222466859120\/\" \/>\n<meta property=\"article:modified_time\" content=\"2026-04-09T09:36:37+00:00\" \/>\n<meta property=\"og:image\" content=\"http:\/\/media.erstabi.se\/2019\/01\/burk.jpg\" \/>\n\t<meta property=\"og:image:width\" content=\"1379\" \/>\n\t<meta property=\"og:image:height\" content=\"776\" \/>\n\t<meta property=\"og:image:type\" content=\"image\/jpeg\" \/>\n<meta name=\"twitter:card\" content=\"summary_large_image\" \/>\n<meta name=\"twitter:label1\" content=\"Ber\u00e4knad l\u00e4stid\" \/>\n\t<meta name=\"twitter:data1\" content=\"1 minut\" \/>\n<script type=\"application\/ld+json\" class=\"yoast-schema-graph\">{\"@context\":\"https:\\\/\\\/schema.org\",\"@graph\":[{\"@type\":\"WebPage\",\"@id\":\"https:\\\/\\\/www.erstabi.se\\\/butik\\\/?product=fast-350-gram\",\"url\":\"https:\\\/\\\/www.erstabi.se\\\/butik\\\/?product=fast-350-gram\",\"name\":\"Fast 500 gram - Ersta Big\u00e5rdar\",\"isPartOf\":{\"@id\":\"https:\\\/\\\/www.erstabi.se\\\/butik\\\/#website\"},\"primaryImageOfPage\":{\"@id\":\"https:\\\/\\\/www.erstabi.se\\\/butik\\\/?product=fast-350-gram#primaryimage\"},\"image\":{\"@id\":\"https:\\\/\\\/www.erstabi.se\\\/butik\\\/?product=fast-350-gram#primaryimage\"},\"thumbnailUrl\":\"https:\\\/\\\/media.erstabi.se\\\/2019\\\/01\\\/burk.jpg\",\"datePublished\":\"2019-01-04T20:24:45+00:00\",\"dateModified\":\"2026-04-09T09:36:37+00:00\",\"breadcrumb\":{\"@id\":\"https:\\\/\\\/www.erstabi.se\\\/butik\\\/?product=fast-350-gram#breadcrumb\"},\"inLanguage\":\"sv-SE\",\"potentialAction\":[{\"@type\":\"ReadAction\",\"target\":[\"https:\\\/\\\/www.erstabi.se\\\/butik\\\/?product=fast-350-gram\"]}]},{\"@type\":\"ImageObject\",\"inLanguage\":\"sv-SE\",\"@id\":\"https:\\\/\\\/www.erstabi.se\\\/butik\\\/?product=fast-350-gram#primaryimage\",\"url\":\"https:\\\/\\\/media.erstabi.se\\\/2019\\\/01\\\/burk.jpg\",\"contentUrl\":\"https:\\\/\\\/media.erstabi.se\\\/2019\\\/01\\\/burk.jpg\",\"width\":1379,\"height\":776},{\"@type\":\"BreadcrumbList\",\"@id\":\"https:\\\/\\\/www.erstabi.se\\\/butik\\\/?product=fast-350-gram#breadcrumb\",\"itemListElement\":[{\"@type\":\"ListItem\",\"position\":1,\"name\":\"Hem\",\"item\":\"https:\\\/\\\/www.erstabi.se\\\/butik\\\/\"},{\"@type\":\"ListItem\",\"position\":2,\"name\":\"Webbutik\",\"item\":\"https:\\\/\\\/www.erstabi.se\\\/butik\\\/?page_id=5\"},{\"@type\":\"ListItem\",\"position\":3,\"name\":\"Fast 500 gram\"}]},{\"@type\":\"WebSite\",\"@id\":\"https:\\\/\\\/www.erstabi.se\\\/butik\\\/#website\",\"url\":\"https:\\\/\\\/www.erstabi.se\\\/butik\\\/\",\"name\":\"Ersta Big\u00e5rdar\",\"description\":\"Honung fr\u00e5n skogen och p\u00e5 \u00e4ngar runt v\u00e5r by\",\"potentialAction\":[{\"@type\":\"SearchAction\",\"target\":{\"@type\":\"EntryPoint\",\"urlTemplate\":\"https:\\\/\\\/www.erstabi.se\\\/butik\\\/?s={search_term_string}\"},\"query-input\":{\"@type\":\"PropertyValueSpecification\",\"valueRequired\":true,\"valueName\":\"search_term_string\"}}],\"inLanguage\":\"sv-SE\"}]}<\/script>\n<!-- \/ Yoast SEO plugin. -->","yoast_head_json":{"title":"Fast 500 gram - Ersta Big\u00e5rdar","robots":{"index":"index","follow":"follow","max-snippet":"max-snippet:-1","max-image-preview":"max-image-preview:large","max-video-preview":"max-video-preview:-1"},"canonical":"https:\/\/www.erstabi.se\/butik\/?product=fast-350-gram","og_locale":"sv_SE","og_type":"article","og_title":"Fast 500 gram - Ersta Big\u00e5rdar","og_description":"Fast honung med kr\u00e4mig konsistens \u2013 kallslungad och varsamt behandlad f\u00f6r att bevara smak och n\u00e4ring, 100 % \u00e4kta svensk honung.","og_url":"https:\/\/www.erstabi.se\/butik\/?product=fast-350-gram","og_site_name":"Ersta Big\u00e5rdar","article_publisher":"https:\/\/www.facebook.com\/112222466859120\/","article_modified_time":"2026-04-09T09:36:37+00:00","og_image":[{"width":1379,"height":776,"url":"http:\/\/media.erstabi.se\/2019\/01\/burk.jpg","type":"image\/jpeg"}],"twitter_card":"summary_large_image","twitter_misc":{"Ber\u00e4knad l\u00e4stid":"1 minut"},"schema":{"@context":"https:\/\/schema.org","@graph":[{"@type":"WebPage","@id":"https:\/\/www.erstabi.se\/butik\/?product=fast-350-gram","url":"https:\/\/www.erstabi.se\/butik\/?product=fast-350-gram","name":"Fast 500 gram - Ersta Big\u00e5rdar","isPartOf":{"@id":"https:\/\/www.erstabi.se\/butik\/#website"},"primaryImageOfPage":{"@id":"https:\/\/www.erstabi.se\/butik\/?product=fast-350-gram#primaryimage"},"image":{"@id":"https:\/\/www.erstabi.se\/butik\/?product=fast-350-gram#primaryimage"},"thumbnailUrl":"https:\/\/media.erstabi.se\/2019\/01\/burk.jpg","datePublished":"2019-01-04T20:24:45+00:00","dateModified":"2026-04-09T09:36:37+00:00","breadcrumb":{"@id":"https:\/\/www.erstabi.se\/butik\/?product=fast-350-gram#breadcrumb"},"inLanguage":"sv-SE","potentialAction":[{"@type":"ReadAction","target":["https:\/\/www.erstabi.se\/butik\/?product=fast-350-gram"]}]},{"@type":"ImageObject","inLanguage":"sv-SE","@id":"https:\/\/www.erstabi.se\/butik\/?product=fast-350-gram#primaryimage","url":"https:\/\/media.erstabi.se\/2019\/01\/burk.jpg","contentUrl":"https:\/\/media.erstabi.se\/2019\/01\/burk.jpg","width":1379,"height":776},{"@type":"BreadcrumbList","@id":"https:\/\/www.erstabi.se\/butik\/?product=fast-350-gram#breadcrumb","itemListElement":[{"@type":"ListItem","position":1,"name":"Hem","item":"https:\/\/www.erstabi.se\/butik\/"},{"@type":"ListItem","position":2,"name":"Webbutik","item":"https:\/\/www.erstabi.se\/butik\/?page_id=5"},{"@type":"ListItem","position":3,"name":"Fast 500 gram"}]},{"@type":"WebSite","@id":"https:\/\/www.erstabi.se\/butik\/#website","url":"https:\/\/www.erstabi.se\/butik\/","name":"Ersta Big\u00e5rdar","description":"Honung fr\u00e5n skogen och p\u00e5 \u00e4ngar runt v\u00e5r by","potentialAction":[{"@type":"SearchAction","target":{"@type":"EntryPoint","urlTemplate":"https:\/\/www.erstabi.se\/butik\/?s={search_term_string}"},"query-input":{"@type":"PropertyValueSpecification","valueRequired":true,"valueName":"search_term_string"}}],"inLanguage":"sv-SE"}]}},"_links":{"self":[{"href":"https:\/\/www.erstabi.se\/butik\/index.php?rest_route=\/wp\/v2\/product\/36","targetHints":{"allow":["GET"]}}],"collection":[{"href":"https:\/\/www.erstabi.se\/butik\/index.php?rest_route=\/wp\/v2\/product"}],"about":[{"href":"https:\/\/www.erstabi.se\/butik\/index.php?rest_route=\/wp\/v2\/types\/product"}],"replies":[{"embeddable":true,"href":"https:\/\/www.erstabi.se\/butik\/index.php?rest_route=%2Fwp%2Fv2%2Fcomments&post=36"}],"wp:featuredmedia":[{"embeddable":true,"href":"https:\/\/www.erstabi.se\/butik\/index.php?rest_route=\/wp\/v2\/media\/22"}],"wp:attachment":[{"href":"https:\/\/www.erstabi.se\/butik\/index.php?rest_route=%2Fwp%2Fv2%2Fmedia&parent=36"}],"wp:term":[{"taxonomy":"product_brand","embeddable":true,"href":"https:\/\/www.erstabi.se\/butik\/index.php?rest_route=%2Fwp%2Fv2%2Fproduct_brand&post=36"},{"taxonomy":"product_cat","embeddable":true,"href":"https:\/\/www.erstabi.se\/butik\/index.php?rest_route=%2Fwp%2Fv2%2Fproduct_cat&post=36"},{"taxonomy":"product_tag","embeddable":true,"href":"https:\/\/www.erstabi.se\/butik\/index.php?rest_route=%2Fwp%2Fv2%2Fproduct_tag&post=36"}],"curies":[{"name":"wp","href":"https:\/\/api.w.org\/{rel}","templated":true}]}}