{"id":1080,"date":"2020-07-01T23:07:12","date_gmt":"2020-07-01T23:07:12","guid":{"rendered":"https:\/\/www.erstabi.se\/butik\/product\/import-placeholder-for-908\/"},"modified":"2025-07-05T14:57:46","modified_gmt":"2025-07-05T12:57:46","slug":"import-placeholder-for-908","status":"publish","type":"product","link":"https:\/\/www.erstabi.se\/butik\/?product=import-placeholder-for-908","title":{"rendered":"GLASBURK 350g 40\/pkt LOCK 70mm BPA n.i."},"content":{"rendered":"","protected":false},"excerpt":{"rendered":"","protected":false},"featured_media":8205,"comment_status":"closed","ping_status":"closed","template":"","meta":[],"product_brand":[],"product_cat":[163],"product_tag":[],"class_list":{"0":"post-1080","1":"product","2":"type-product","3":"status-publish","4":"has-post-thumbnail","6":"product_cat-glas","8":"first","9":"instock","10":"taxable","11":"shipping-taxable","12":"purchasable","13":"product-type-simple"},"yoast_head":"<!-- This site is optimized with the Yoast SEO plugin v27.4 - https:\/\/yoast.com\/product\/yoast-seo-wordpress\/ -->\n<title>GLASBURK 350g 40\/pkt LOCK 70mm BPA n.i. - Ersta Big\u00e5rdar<\/title>\n<meta name=\"robots\" content=\"index, follow, max-snippet:-1, max-image-preview:large, max-video-preview:-1\" \/>\n<link rel=\"canonical\" href=\"https:\/\/www.erstabi.se\/butik\/?product=import-placeholder-for-908\" \/>\n<meta property=\"og:locale\" content=\"sv_SE\" \/>\n<meta property=\"og:type\" content=\"article\" \/>\n<meta property=\"og:title\" content=\"GLASBURK 350g 40\/pkt LOCK 70mm BPA n.i. - Ersta Big\u00e5rdar\" \/>\n<meta property=\"og:url\" content=\"https:\/\/www.erstabi.se\/butik\/?product=import-placeholder-for-908\" \/>\n<meta property=\"og:site_name\" content=\"Ersta Big\u00e5rdar\" \/>\n<meta property=\"article:publisher\" content=\"https:\/\/www.facebook.com\/112222466859120\/\" \/>\n<meta property=\"article:modified_time\" content=\"2025-07-05T12:57:46+00:00\" \/>\n<meta property=\"og:image\" content=\"http:\/\/media.erstabi.se\/2020\/08\/195-016xl-1.jpg\" \/>\n\t<meta property=\"og:image:width\" content=\"600\" \/>\n\t<meta property=\"og:image:height\" content=\"337\" \/>\n\t<meta property=\"og:image:type\" content=\"image\/jpeg\" \/>\n<meta name=\"twitter:card\" content=\"summary_large_image\" \/>\n<meta name=\"twitter:label1\" content=\"Ber\u00e4knad l\u00e4stid\" \/>\n\t<meta name=\"twitter:data1\" content=\"1 minut\" \/>\n<script type=\"application\/ld+json\" class=\"yoast-schema-graph\">{\"@context\":\"https:\\\/\\\/schema.org\",\"@graph\":[{\"@type\":\"WebPage\",\"@id\":\"https:\\\/\\\/www.erstabi.se\\\/butik\\\/?product=import-placeholder-for-908\",\"url\":\"https:\\\/\\\/www.erstabi.se\\\/butik\\\/?product=import-placeholder-for-908\",\"name\":\"GLASBURK 350g 40\\\/pkt LOCK 70mm BPA n.i. - Ersta Big\u00e5rdar\",\"isPartOf\":{\"@id\":\"https:\\\/\\\/www.erstabi.se\\\/butik\\\/#website\"},\"primaryImageOfPage\":{\"@id\":\"https:\\\/\\\/www.erstabi.se\\\/butik\\\/?product=import-placeholder-for-908#primaryimage\"},\"image\":{\"@id\":\"https:\\\/\\\/www.erstabi.se\\\/butik\\\/?product=import-placeholder-for-908#primaryimage\"},\"thumbnailUrl\":\"https:\\\/\\\/media.erstabi.se\\\/2020\\\/08\\\/195-016xl-1.jpg\",\"datePublished\":\"2020-07-01T23:07:12+00:00\",\"dateModified\":\"2025-07-05T12:57:46+00:00\",\"breadcrumb\":{\"@id\":\"https:\\\/\\\/www.erstabi.se\\\/butik\\\/?product=import-placeholder-for-908#breadcrumb\"},\"inLanguage\":\"sv-SE\",\"potentialAction\":[{\"@type\":\"ReadAction\",\"target\":[\"https:\\\/\\\/www.erstabi.se\\\/butik\\\/?product=import-placeholder-for-908\"]}]},{\"@type\":\"ImageObject\",\"inLanguage\":\"sv-SE\",\"@id\":\"https:\\\/\\\/www.erstabi.se\\\/butik\\\/?product=import-placeholder-for-908#primaryimage\",\"url\":\"https:\\\/\\\/media.erstabi.se\\\/2020\\\/08\\\/195-016xl-1.jpg\",\"contentUrl\":\"https:\\\/\\\/media.erstabi.se\\\/2020\\\/08\\\/195-016xl-1.jpg\",\"width\":600,\"height\":337},{\"@type\":\"BreadcrumbList\",\"@id\":\"https:\\\/\\\/www.erstabi.se\\\/butik\\\/?product=import-placeholder-for-908#breadcrumb\",\"itemListElement\":[{\"@type\":\"ListItem\",\"position\":1,\"name\":\"Hem\",\"item\":\"https:\\\/\\\/www.erstabi.se\\\/butik\\\/\"},{\"@type\":\"ListItem\",\"position\":2,\"name\":\"Webbutik\",\"item\":\"https:\\\/\\\/www.erstabi.se\\\/butik\\\/?page_id=5\"},{\"@type\":\"ListItem\",\"position\":3,\"name\":\"GLASBURK 350g 40\\\/pkt LOCK 70mm BPA n.i.\"}]},{\"@type\":\"WebSite\",\"@id\":\"https:\\\/\\\/www.erstabi.se\\\/butik\\\/#website\",\"url\":\"https:\\\/\\\/www.erstabi.se\\\/butik\\\/\",\"name\":\"Ersta Big\u00e5rdar\",\"description\":\"Honung fr\u00e5n skogen och p\u00e5 \u00e4ngar runt v\u00e5r by\",\"potentialAction\":[{\"@type\":\"SearchAction\",\"target\":{\"@type\":\"EntryPoint\",\"urlTemplate\":\"https:\\\/\\\/www.erstabi.se\\\/butik\\\/?s={search_term_string}\"},\"query-input\":{\"@type\":\"PropertyValueSpecification\",\"valueRequired\":true,\"valueName\":\"search_term_string\"}}],\"inLanguage\":\"sv-SE\"}]}<\/script>\n<!-- \/ Yoast SEO plugin. -->","yoast_head_json":{"title":"GLASBURK 350g 40\/pkt LOCK 70mm BPA n.i. - Ersta Big\u00e5rdar","robots":{"index":"index","follow":"follow","max-snippet":"max-snippet:-1","max-image-preview":"max-image-preview:large","max-video-preview":"max-video-preview:-1"},"canonical":"https:\/\/www.erstabi.se\/butik\/?product=import-placeholder-for-908","og_locale":"sv_SE","og_type":"article","og_title":"GLASBURK 350g 40\/pkt LOCK 70mm BPA n.i. - Ersta Big\u00e5rdar","og_url":"https:\/\/www.erstabi.se\/butik\/?product=import-placeholder-for-908","og_site_name":"Ersta Big\u00e5rdar","article_publisher":"https:\/\/www.facebook.com\/112222466859120\/","article_modified_time":"2025-07-05T12:57:46+00:00","og_image":[{"width":600,"height":337,"url":"http:\/\/media.erstabi.se\/2020\/08\/195-016xl-1.jpg","type":"image\/jpeg"}],"twitter_card":"summary_large_image","twitter_misc":{"Ber\u00e4knad l\u00e4stid":"1 minut"},"schema":{"@context":"https:\/\/schema.org","@graph":[{"@type":"WebPage","@id":"https:\/\/www.erstabi.se\/butik\/?product=import-placeholder-for-908","url":"https:\/\/www.erstabi.se\/butik\/?product=import-placeholder-for-908","name":"GLASBURK 350g 40\/pkt LOCK 70mm BPA n.i. - Ersta Big\u00e5rdar","isPartOf":{"@id":"https:\/\/www.erstabi.se\/butik\/#website"},"primaryImageOfPage":{"@id":"https:\/\/www.erstabi.se\/butik\/?product=import-placeholder-for-908#primaryimage"},"image":{"@id":"https:\/\/www.erstabi.se\/butik\/?product=import-placeholder-for-908#primaryimage"},"thumbnailUrl":"https:\/\/media.erstabi.se\/2020\/08\/195-016xl-1.jpg","datePublished":"2020-07-01T23:07:12+00:00","dateModified":"2025-07-05T12:57:46+00:00","breadcrumb":{"@id":"https:\/\/www.erstabi.se\/butik\/?product=import-placeholder-for-908#breadcrumb"},"inLanguage":"sv-SE","potentialAction":[{"@type":"ReadAction","target":["https:\/\/www.erstabi.se\/butik\/?product=import-placeholder-for-908"]}]},{"@type":"ImageObject","inLanguage":"sv-SE","@id":"https:\/\/www.erstabi.se\/butik\/?product=import-placeholder-for-908#primaryimage","url":"https:\/\/media.erstabi.se\/2020\/08\/195-016xl-1.jpg","contentUrl":"https:\/\/media.erstabi.se\/2020\/08\/195-016xl-1.jpg","width":600,"height":337},{"@type":"BreadcrumbList","@id":"https:\/\/www.erstabi.se\/butik\/?product=import-placeholder-for-908#breadcrumb","itemListElement":[{"@type":"ListItem","position":1,"name":"Hem","item":"https:\/\/www.erstabi.se\/butik\/"},{"@type":"ListItem","position":2,"name":"Webbutik","item":"https:\/\/www.erstabi.se\/butik\/?page_id=5"},{"@type":"ListItem","position":3,"name":"GLASBURK 350g 40\/pkt LOCK 70mm BPA n.i."}]},{"@type":"WebSite","@id":"https:\/\/www.erstabi.se\/butik\/#website","url":"https:\/\/www.erstabi.se\/butik\/","name":"Ersta Big\u00e5rdar","description":"Honung fr\u00e5n skogen och p\u00e5 \u00e4ngar runt v\u00e5r by","potentialAction":[{"@type":"SearchAction","target":{"@type":"EntryPoint","urlTemplate":"https:\/\/www.erstabi.se\/butik\/?s={search_term_string}"},"query-input":{"@type":"PropertyValueSpecification","valueRequired":true,"valueName":"search_term_string"}}],"inLanguage":"sv-SE"}]}},"_links":{"self":[{"href":"https:\/\/www.erstabi.se\/butik\/index.php?rest_route=\/wp\/v2\/product\/1080","targetHints":{"allow":["GET"]}}],"collection":[{"href":"https:\/\/www.erstabi.se\/butik\/index.php?rest_route=\/wp\/v2\/product"}],"about":[{"href":"https:\/\/www.erstabi.se\/butik\/index.php?rest_route=\/wp\/v2\/types\/product"}],"replies":[{"embeddable":true,"href":"https:\/\/www.erstabi.se\/butik\/index.php?rest_route=%2Fwp%2Fv2%2Fcomments&post=1080"}],"wp:featuredmedia":[{"embeddable":true,"href":"https:\/\/www.erstabi.se\/butik\/index.php?rest_route=\/wp\/v2\/media\/8205"}],"wp:attachment":[{"href":"https:\/\/www.erstabi.se\/butik\/index.php?rest_route=%2Fwp%2Fv2%2Fmedia&parent=1080"}],"wp:term":[{"taxonomy":"product_brand","embeddable":true,"href":"https:\/\/www.erstabi.se\/butik\/index.php?rest_route=%2Fwp%2Fv2%2Fproduct_brand&post=1080"},{"taxonomy":"product_cat","embeddable":true,"href":"https:\/\/www.erstabi.se\/butik\/index.php?rest_route=%2Fwp%2Fv2%2Fproduct_cat&post=1080"},{"taxonomy":"product_tag","embeddable":true,"href":"https:\/\/www.erstabi.se\/butik\/index.php?rest_route=%2Fwp%2Fv2%2Fproduct_tag&post=1080"}],"curies":[{"name":"wp","href":"https:\/\/api.w.org\/{rel}","templated":true}]}}