{"id":8,"date":"2019-01-04T17:17:01","date_gmt":"2019-01-04T17:17:01","guid":{"rendered":"http:\/\/erstabi.se\/mitt-konto\/"},"modified":"2019-01-08T22:16:49","modified_gmt":"2019-01-08T22:16:49","slug":"mitt-konto","status":"publish","type":"page","link":"https:\/\/www.erstabi.se\/butik\/?page_id=8","title":{"rendered":"Mitt konto &#8211; Inloggning"},"content":{"rendered":"\n<p>Konto skapas vid f\u00f6rsta order via webbutikens utcheckning.<\/p>\n\n\n<div class=\"woocommerce\"><div class=\"woocommerce-notices-wrapper\"><\/div>\n\n<div class=\"u-columns col2-set\" id=\"customer_login\">\n\n\t<div class=\"u-column1 col-1\">\n\n\n\t\t<h2>Logga in<\/h2>\n\n\t\t<form class=\"woocommerce-form woocommerce-form-login login\" method=\"post\" novalidate>\n\n\t\t\t\n\t\t\t<p class=\"woocommerce-form-row woocommerce-form-row--wide form-row form-row-wide\">\n\t\t\t\t<label for=\"username\">Anv\u00e4ndarnamn eller e-postadress&nbsp;<span class=\"required\" aria-hidden=\"true\">*<\/span><span class=\"screen-reader-text\">Obligatoriskt<\/span><\/label>\n\t\t\t\t<input type=\"text\" class=\"woocommerce-Input woocommerce-Input--text input-text\" name=\"username\" id=\"username\" autocomplete=\"username\" value=\"\" required aria-required=\"true\" \/>\t\t\t<\/p>\n\t\t\t<p class=\"woocommerce-form-row woocommerce-form-row--wide form-row form-row-wide\">\n\t\t\t\t<label for=\"password\">L\u00f6senord&nbsp;<span class=\"required\" aria-hidden=\"true\">*<\/span><span class=\"screen-reader-text\">Obligatoriskt<\/span><\/label>\n\t\t\t\t<input class=\"woocommerce-Input woocommerce-Input--text input-text\" type=\"password\" name=\"password\" id=\"password\" autocomplete=\"current-password\" required aria-required=\"true\" \/>\n\t\t\t<\/p>\n\n\t\t\t\n\t\t\t<p class=\"form-row\">\n\t\t\t\t<label class=\"woocommerce-form__label woocommerce-form__label-for-checkbox woocommerce-form-login__rememberme\">\n\t\t\t\t\t<input class=\"woocommerce-form__input woocommerce-form__input-checkbox\" name=\"rememberme\" type=\"checkbox\" id=\"rememberme\" value=\"forever\" \/> <span>Kom ih\u00e5g mig<\/span>\n\t\t\t\t<\/label>\n\t\t\t\t<input type=\"hidden\" id=\"woocommerce-login-nonce\" name=\"woocommerce-login-nonce\" value=\"b778e9a7dd\" \/><input type=\"hidden\" name=\"_wp_http_referer\" value=\"\/butik\/index.php?rest_route=%2Fwp%2Fv2%2Fpages%2F8\" \/>\t\t\t\t<button type=\"submit\" class=\"woocommerce-button button woocommerce-form-login__submit\" name=\"login\" value=\"Logga in\">Logga in<\/button>\n\t\t\t<\/p>\n\t\t\t<p class=\"woocommerce-LostPassword lost_password\">\n\t\t\t\t<a href=\"https:\/\/www.erstabi.se\/butik\/?page_id=8&#038;lost-password\">Gl\u00f6mt ditt l\u00f6senord?<\/a>\n\t\t\t<\/p>\n\n\t\t\t\n\t\t<\/form>\n\n\n\t<\/div>\n\n\t<div class=\"u-column2 col-2\">\n\n\t\t<h2>Registrera<\/h2>\n\n\t\t<form method=\"post\" class=\"woocommerce-form woocommerce-form-register register\"  >\n\n\t\t\t\n\t\t\t\n\t\t\t<p class=\"woocommerce-form-row woocommerce-form-row--wide form-row form-row-wide\">\n\t\t\t\t<label for=\"reg_email\">E-postadress&nbsp;<span class=\"required\" aria-hidden=\"true\">*<\/span><span class=\"screen-reader-text\">Obligatoriskt<\/span><\/label>\n\t\t\t\t<input type=\"email\" class=\"woocommerce-Input woocommerce-Input--text input-text\" name=\"email\" id=\"reg_email\" autocomplete=\"email\" value=\"\" required aria-required=\"true\" \/>\t\t\t<\/p>\n\n\t\t\t\n\t\t\t\t<p class=\"woocommerce-form-row woocommerce-form-row--wide form-row form-row-wide\">\n\t\t\t\t\t<label for=\"reg_password\">L\u00f6senord&nbsp;<span class=\"required\" aria-hidden=\"true\">*<\/span><span class=\"screen-reader-text\">Obligatoriskt<\/span><\/label>\n\t\t\t\t\t<input type=\"password\" class=\"woocommerce-Input woocommerce-Input--text input-text\" name=\"password\" id=\"reg_password\" autocomplete=\"new-password\" required aria-required=\"true\" \/>\n\t\t\t\t<\/p>\n\n\t\t\t\n\t\t\t<wc-order-attribution-inputs><\/wc-order-attribution-inputs><div class=\"woocommerce-privacy-policy-text\"><p>Your personal data will be used to support your experience throughout this website, to manage access to your account, and for other purposes described in our <a href=\"https:\/\/www.erstabi.se\/butik\/?page_id=3\" class=\"woocommerce-privacy-policy-link\" target=\"_blank\">integritetspolicy<\/a>.<\/p>\n<\/div>\n\t\t\t<p class=\"woocommerce-form-row form-row\">\n\t\t\t\t<input type=\"hidden\" id=\"woocommerce-register-nonce\" name=\"woocommerce-register-nonce\" value=\"90f3d3c915\" \/><input type=\"hidden\" name=\"_wp_http_referer\" value=\"\/butik\/index.php?rest_route=%2Fwp%2Fv2%2Fpages%2F8\" \/>\t\t\t\t<button type=\"submit\" class=\"woocommerce-Button woocommerce-button button woocommerce-form-register__submit\" name=\"register\" value=\"Registrera\">Registrera<\/button>\n\t\t\t<\/p>\n\n\t\t\t\n\t\t<\/form>\n\n\t<\/div>\n\n<\/div>\n\n<\/div>","protected":false},"excerpt":{"rendered":"<p>Konto skapas vid f\u00f6rsta order via webbutikens utcheckning.<\/p>\n","protected":false},"author":1,"featured_media":0,"parent":0,"menu_order":0,"comment_status":"closed","ping_status":"closed","template":"","meta":{"footnotes":""},"class_list":["post-8","page","type-page","status-publish","hentry"],"yoast_head":"<!-- This site is optimized with the Yoast SEO plugin v27.6 - https:\/\/yoast.com\/product\/yoast-seo-wordpress\/ -->\n<title>Mitt konto - Inloggning - Ersta Big\u00e5rdar<\/title>\n<meta name=\"description\" content=\"honung biodling % Ersta Big\u00e5rdar biodlingsredskap Mitt konto - Inloggning\" \/>\n<meta name=\"robots\" content=\"index, follow, max-snippet:-1, max-image-preview:large, max-video-preview:-1\" \/>\n<link rel=\"canonical\" href=\"https:\/\/www.erstabi.se\/butik\/?page_id=8\" \/>\n<meta property=\"og:locale\" content=\"sv_SE\" \/>\n<meta property=\"og:type\" content=\"article\" \/>\n<meta property=\"og:title\" content=\"Mitt konto - Inloggning - Ersta Big\u00e5rdar\" \/>\n<meta property=\"og:description\" content=\"honung biodling % Ersta Big\u00e5rdar biodlingsredskap Mitt konto - Inloggning\" \/>\n<meta property=\"og:url\" content=\"https:\/\/www.erstabi.se\/butik\/?page_id=8\" \/>\n<meta property=\"og:site_name\" content=\"Ersta Big\u00e5rdar\" \/>\n<meta property=\"article:publisher\" content=\"https:\/\/www.facebook.com\/112222466859120\/\" \/>\n<meta property=\"article:modified_time\" content=\"2019-01-08T22:16:49+00:00\" \/>\n<meta name=\"twitter:card\" content=\"summary_large_image\" \/>\n<script type=\"application\/ld+json\" class=\"yoast-schema-graph\">{\"@context\":\"https:\\\/\\\/schema.org\",\"@graph\":[{\"@type\":\"WebPage\",\"@id\":\"https:\\\/\\\/www.erstabi.se\\\/butik\\\/?page_id=8\",\"url\":\"https:\\\/\\\/www.erstabi.se\\\/butik\\\/?page_id=8\",\"name\":\"Mitt konto - Inloggning - Ersta Big\u00e5rdar\",\"isPartOf\":{\"@id\":\"https:\\\/\\\/www.erstabi.se\\\/butik\\\/#website\"},\"datePublished\":\"2019-01-04T17:17:01+00:00\",\"dateModified\":\"2019-01-08T22:16:49+00:00\",\"description\":\"honung biodling % Ersta Big\u00e5rdar biodlingsredskap Mitt konto - Inloggning\",\"breadcrumb\":{\"@id\":\"https:\\\/\\\/www.erstabi.se\\\/butik\\\/?page_id=8#breadcrumb\"},\"inLanguage\":\"sv-SE\",\"potentialAction\":[{\"@type\":\"ReadAction\",\"target\":[\"https:\\\/\\\/www.erstabi.se\\\/butik\\\/?page_id=8\"]}]},{\"@type\":\"BreadcrumbList\",\"@id\":\"https:\\\/\\\/www.erstabi.se\\\/butik\\\/?page_id=8#breadcrumb\",\"itemListElement\":[{\"@type\":\"ListItem\",\"position\":1,\"name\":\"Hem\",\"item\":\"https:\\\/\\\/www.erstabi.se\\\/butik\\\/\"},{\"@type\":\"ListItem\",\"position\":2,\"name\":\"Mitt konto &#8211; Inloggning\"}]},{\"@type\":\"WebSite\",\"@id\":\"https:\\\/\\\/www.erstabi.se\\\/butik\\\/#website\",\"url\":\"https:\\\/\\\/www.erstabi.se\\\/butik\\\/\",\"name\":\"Ersta Big\u00e5rdar\",\"description\":\"Honung fr\u00e5n skogen och p\u00e5 \u00e4ngar runt v\u00e5r by\",\"potentialAction\":[{\"@type\":\"SearchAction\",\"target\":{\"@type\":\"EntryPoint\",\"urlTemplate\":\"https:\\\/\\\/www.erstabi.se\\\/butik\\\/?s={search_term_string}\"},\"query-input\":{\"@type\":\"PropertyValueSpecification\",\"valueRequired\":true,\"valueName\":\"search_term_string\"}}],\"inLanguage\":\"sv-SE\"}]}<\/script>\n<!-- \/ Yoast SEO plugin. -->","yoast_head_json":{"title":"Mitt konto - Inloggning - Ersta Big\u00e5rdar","description":"honung biodling % Ersta Big\u00e5rdar biodlingsredskap Mitt konto - Inloggning","robots":{"index":"index","follow":"follow","max-snippet":"max-snippet:-1","max-image-preview":"max-image-preview:large","max-video-preview":"max-video-preview:-1"},"canonical":"https:\/\/www.erstabi.se\/butik\/?page_id=8","og_locale":"sv_SE","og_type":"article","og_title":"Mitt konto - Inloggning - Ersta Big\u00e5rdar","og_description":"honung biodling % Ersta Big\u00e5rdar biodlingsredskap Mitt konto - Inloggning","og_url":"https:\/\/www.erstabi.se\/butik\/?page_id=8","og_site_name":"Ersta Big\u00e5rdar","article_publisher":"https:\/\/www.facebook.com\/112222466859120\/","article_modified_time":"2019-01-08T22:16:49+00:00","twitter_card":"summary_large_image","schema":{"@context":"https:\/\/schema.org","@graph":[{"@type":"WebPage","@id":"https:\/\/www.erstabi.se\/butik\/?page_id=8","url":"https:\/\/www.erstabi.se\/butik\/?page_id=8","name":"Mitt konto - Inloggning - Ersta Big\u00e5rdar","isPartOf":{"@id":"https:\/\/www.erstabi.se\/butik\/#website"},"datePublished":"2019-01-04T17:17:01+00:00","dateModified":"2019-01-08T22:16:49+00:00","description":"honung biodling % Ersta Big\u00e5rdar biodlingsredskap Mitt konto - Inloggning","breadcrumb":{"@id":"https:\/\/www.erstabi.se\/butik\/?page_id=8#breadcrumb"},"inLanguage":"sv-SE","potentialAction":[{"@type":"ReadAction","target":["https:\/\/www.erstabi.se\/butik\/?page_id=8"]}]},{"@type":"BreadcrumbList","@id":"https:\/\/www.erstabi.se\/butik\/?page_id=8#breadcrumb","itemListElement":[{"@type":"ListItem","position":1,"name":"Hem","item":"https:\/\/www.erstabi.se\/butik\/"},{"@type":"ListItem","position":2,"name":"Mitt konto &#8211; Inloggning"}]},{"@type":"WebSite","@id":"https:\/\/www.erstabi.se\/butik\/#website","url":"https:\/\/www.erstabi.se\/butik\/","name":"Ersta Big\u00e5rdar","description":"Honung fr\u00e5n skogen och p\u00e5 \u00e4ngar runt v\u00e5r by","potentialAction":[{"@type":"SearchAction","target":{"@type":"EntryPoint","urlTemplate":"https:\/\/www.erstabi.se\/butik\/?s={search_term_string}"},"query-input":{"@type":"PropertyValueSpecification","valueRequired":true,"valueName":"search_term_string"}}],"inLanguage":"sv-SE"}]}},"_links":{"self":[{"href":"https:\/\/www.erstabi.se\/butik\/index.php?rest_route=\/wp\/v2\/pages\/8","targetHints":{"allow":["GET"]}}],"collection":[{"href":"https:\/\/www.erstabi.se\/butik\/index.php?rest_route=\/wp\/v2\/pages"}],"about":[{"href":"https:\/\/www.erstabi.se\/butik\/index.php?rest_route=\/wp\/v2\/types\/page"}],"author":[{"embeddable":true,"href":"https:\/\/www.erstabi.se\/butik\/index.php?rest_route=\/wp\/v2\/users\/1"}],"replies":[{"embeddable":true,"href":"https:\/\/www.erstabi.se\/butik\/index.php?rest_route=%2Fwp%2Fv2%2Fcomments&post=8"}],"version-history":[{"count":3,"href":"https:\/\/www.erstabi.se\/butik\/index.php?rest_route=\/wp\/v2\/pages\/8\/revisions"}],"predecessor-version":[{"id":7676,"href":"https:\/\/www.erstabi.se\/butik\/index.php?rest_route=\/wp\/v2\/pages\/8\/revisions\/7676"}],"wp:attachment":[{"href":"https:\/\/www.erstabi.se\/butik\/index.php?rest_route=%2Fwp%2Fv2%2Fmedia&parent=8"}],"curies":[{"name":"wp","href":"https:\/\/api.w.org\/{rel}","templated":true}]}}