{"id":45,"date":"2019-01-04T21:29:58","date_gmt":"2019-01-04T21:29:58","guid":{"rendered":"https:\/\/www.erstabi.se\/butik\/?page_id=45"},"modified":"2021-07-02T09:45:10","modified_gmt":"2021-07-02T07:45:10","slug":"hitta-hit","status":"publish","type":"page","link":"https:\/\/www.erstabi.se\/butik\/?page_id=45","title":{"rendered":"Hitta hit"},"content":{"rendered":"<p>Oss hittar du i Tierp. Kommer du med bil fr\u00e5n E4:an k\u00f6r du av vid Tierp och tar Industrigatan mot Karlholmsbruk. Vid Tolfta kyrka sv\u00e4nger du v\u00e4nster och k\u00f6r byv\u00e4gen till h\u00f6ger om kyrkan. Vi finns sedan l\u00e4ngst upp i backen. \u00d6ppet enligt \u00f6verenskommelse. Ring 070 3212531.<\/p>\n<p><a href=\"https:\/\/www.google.com\/search?q=ersta+108+google+maps&amp;rlz=1C1GCEU_svSE866SE866&amp;oq=ersta+108+google+maps&amp;aqs=chrome..69i57.6578j0j7&amp;sourceid=chrome&amp;ie=UTF-8\">Adress: Ersta 108, Tierp<\/a><\/p>\n","protected":false},"excerpt":{"rendered":"<p>Oss hittar du i Tierp. Kommer du med bil fr\u00e5n E4:an k\u00f6r du av vid Tierp och tar Industrigatan mot Karlholmsbruk. Vid Tolfta kyrka sv\u00e4nger du v\u00e4nster och k\u00f6r byv\u00e4gen till h\u00f6ger om kyrkan. Vi finns sedan l\u00e4ngst upp i backen. \u00d6ppet enligt \u00f6verenskommelse. Ring 070 3212531. Adress: Ersta 108, Tierp<\/p>\n","protected":false},"author":1,"featured_media":0,"parent":0,"menu_order":0,"comment_status":"closed","ping_status":"closed","template":"","meta":{"footnotes":""},"class_list":["post-45","page","type-page","status-publish","hentry"],"yoast_head":"<!-- This site is optimized with the Yoast SEO plugin v27.6 - https:\/\/yoast.com\/product\/yoast-seo-wordpress\/ -->\n<title>Hitta hit - Ersta Big\u00e5rdar<\/title>\n<meta name=\"description\" content=\"honung biodling % Ersta Big\u00e5rdar biodlingsredskap Hitta hit\" \/>\n<meta name=\"robots\" content=\"index, follow, max-snippet:-1, max-image-preview:large, max-video-preview:-1\" \/>\n<link rel=\"canonical\" href=\"https:\/\/www.erstabi.se\/butik\/?page_id=45\" \/>\n<meta property=\"og:locale\" content=\"sv_SE\" \/>\n<meta property=\"og:type\" content=\"article\" \/>\n<meta property=\"og:title\" content=\"Hitta hit - Ersta Big\u00e5rdar\" \/>\n<meta property=\"og:description\" content=\"honung biodling % Ersta Big\u00e5rdar biodlingsredskap Hitta hit\" \/>\n<meta property=\"og:url\" content=\"https:\/\/www.erstabi.se\/butik\/?page_id=45\" \/>\n<meta property=\"og:site_name\" content=\"Ersta Big\u00e5rdar\" \/>\n<meta property=\"article:publisher\" content=\"https:\/\/www.facebook.com\/112222466859120\/\" \/>\n<meta property=\"article:modified_time\" content=\"2021-07-02T07:45:10+00:00\" \/>\n<meta name=\"twitter:card\" content=\"summary_large_image\" \/>\n<script type=\"application\/ld+json\" class=\"yoast-schema-graph\">{\"@context\":\"https:\\\/\\\/schema.org\",\"@graph\":[{\"@type\":\"WebPage\",\"@id\":\"https:\\\/\\\/www.erstabi.se\\\/butik\\\/?page_id=45\",\"url\":\"https:\\\/\\\/www.erstabi.se\\\/butik\\\/?page_id=45\",\"name\":\"Hitta hit - Ersta Big\u00e5rdar\",\"isPartOf\":{\"@id\":\"https:\\\/\\\/www.erstabi.se\\\/butik\\\/#website\"},\"datePublished\":\"2019-01-04T21:29:58+00:00\",\"dateModified\":\"2021-07-02T07:45:10+00:00\",\"description\":\"honung biodling % Ersta Big\u00e5rdar biodlingsredskap Hitta hit\",\"breadcrumb\":{\"@id\":\"https:\\\/\\\/www.erstabi.se\\\/butik\\\/?page_id=45#breadcrumb\"},\"inLanguage\":\"sv-SE\",\"potentialAction\":[{\"@type\":\"ReadAction\",\"target\":[\"https:\\\/\\\/www.erstabi.se\\\/butik\\\/?page_id=45\"]}]},{\"@type\":\"BreadcrumbList\",\"@id\":\"https:\\\/\\\/www.erstabi.se\\\/butik\\\/?page_id=45#breadcrumb\",\"itemListElement\":[{\"@type\":\"ListItem\",\"position\":1,\"name\":\"Hem\",\"item\":\"https:\\\/\\\/www.erstabi.se\\\/butik\\\/\"},{\"@type\":\"ListItem\",\"position\":2,\"name\":\"Hitta hit\"}]},{\"@type\":\"WebSite\",\"@id\":\"https:\\\/\\\/www.erstabi.se\\\/butik\\\/#website\",\"url\":\"https:\\\/\\\/www.erstabi.se\\\/butik\\\/\",\"name\":\"Ersta Big\u00e5rdar\",\"description\":\"Honung fr\u00e5n skogen och p\u00e5 \u00e4ngar runt v\u00e5r by\",\"potentialAction\":[{\"@type\":\"SearchAction\",\"target\":{\"@type\":\"EntryPoint\",\"urlTemplate\":\"https:\\\/\\\/www.erstabi.se\\\/butik\\\/?s={search_term_string}\"},\"query-input\":{\"@type\":\"PropertyValueSpecification\",\"valueRequired\":true,\"valueName\":\"search_term_string\"}}],\"inLanguage\":\"sv-SE\"}]}<\/script>\n<!-- \/ Yoast SEO plugin. -->","yoast_head_json":{"title":"Hitta hit - Ersta Big\u00e5rdar","description":"honung biodling % Ersta Big\u00e5rdar biodlingsredskap Hitta hit","robots":{"index":"index","follow":"follow","max-snippet":"max-snippet:-1","max-image-preview":"max-image-preview:large","max-video-preview":"max-video-preview:-1"},"canonical":"https:\/\/www.erstabi.se\/butik\/?page_id=45","og_locale":"sv_SE","og_type":"article","og_title":"Hitta hit - Ersta Big\u00e5rdar","og_description":"honung biodling % Ersta Big\u00e5rdar biodlingsredskap Hitta hit","og_url":"https:\/\/www.erstabi.se\/butik\/?page_id=45","og_site_name":"Ersta Big\u00e5rdar","article_publisher":"https:\/\/www.facebook.com\/112222466859120\/","article_modified_time":"2021-07-02T07:45:10+00:00","twitter_card":"summary_large_image","schema":{"@context":"https:\/\/schema.org","@graph":[{"@type":"WebPage","@id":"https:\/\/www.erstabi.se\/butik\/?page_id=45","url":"https:\/\/www.erstabi.se\/butik\/?page_id=45","name":"Hitta hit - Ersta Big\u00e5rdar","isPartOf":{"@id":"https:\/\/www.erstabi.se\/butik\/#website"},"datePublished":"2019-01-04T21:29:58+00:00","dateModified":"2021-07-02T07:45:10+00:00","description":"honung biodling % Ersta Big\u00e5rdar biodlingsredskap Hitta hit","breadcrumb":{"@id":"https:\/\/www.erstabi.se\/butik\/?page_id=45#breadcrumb"},"inLanguage":"sv-SE","potentialAction":[{"@type":"ReadAction","target":["https:\/\/www.erstabi.se\/butik\/?page_id=45"]}]},{"@type":"BreadcrumbList","@id":"https:\/\/www.erstabi.se\/butik\/?page_id=45#breadcrumb","itemListElement":[{"@type":"ListItem","position":1,"name":"Hem","item":"https:\/\/www.erstabi.se\/butik\/"},{"@type":"ListItem","position":2,"name":"Hitta hit"}]},{"@type":"WebSite","@id":"https:\/\/www.erstabi.se\/butik\/#website","url":"https:\/\/www.erstabi.se\/butik\/","name":"Ersta Big\u00e5rdar","description":"Honung fr\u00e5n skogen och p\u00e5 \u00e4ngar runt v\u00e5r by","potentialAction":[{"@type":"SearchAction","target":{"@type":"EntryPoint","urlTemplate":"https:\/\/www.erstabi.se\/butik\/?s={search_term_string}"},"query-input":{"@type":"PropertyValueSpecification","valueRequired":true,"valueName":"search_term_string"}}],"inLanguage":"sv-SE"}]}},"_links":{"self":[{"href":"https:\/\/www.erstabi.se\/butik\/index.php?rest_route=\/wp\/v2\/pages\/45","targetHints":{"allow":["GET"]}}],"collection":[{"href":"https:\/\/www.erstabi.se\/butik\/index.php?rest_route=\/wp\/v2\/pages"}],"about":[{"href":"https:\/\/www.erstabi.se\/butik\/index.php?rest_route=\/wp\/v2\/types\/page"}],"author":[{"embeddable":true,"href":"https:\/\/www.erstabi.se\/butik\/index.php?rest_route=\/wp\/v2\/users\/1"}],"replies":[{"embeddable":true,"href":"https:\/\/www.erstabi.se\/butik\/index.php?rest_route=%2Fwp%2Fv2%2Fcomments&post=45"}],"version-history":[{"count":7,"href":"https:\/\/www.erstabi.se\/butik\/index.php?rest_route=\/wp\/v2\/pages\/45\/revisions"}],"predecessor-version":[{"id":8316,"href":"https:\/\/www.erstabi.se\/butik\/index.php?rest_route=\/wp\/v2\/pages\/45\/revisions\/8316"}],"wp:attachment":[{"href":"https:\/\/www.erstabi.se\/butik\/index.php?rest_route=%2Fwp%2Fv2%2Fmedia&parent=45"}],"curies":[{"name":"wp","href":"https:\/\/api.w.org\/{rel}","templated":true}]}}